{"id":2136,"date":"2021-08-16T18:17:07","date_gmt":"2021-08-16T18:17:07","guid":{"rendered":"https:\/\/www.foxsec.eu\/meist\/"},"modified":"2025-07-03T11:09:56","modified_gmt":"2025-07-03T08:09:56","slug":"meist","status":"publish","type":"page","link":"https:\/\/www.foxsec.eu\/et\/meist\/","title":{"rendered":"Meist"},"content":{"rendered":"\t\t<div data-elementor-type=\"wp-page\" data-elementor-id=\"2136\" class=\"elementor elementor-2136 elementor-383\" data-elementor-post-type=\"page\">\n\t\t\t\t\t\t<section class=\"has_ae_slider elementor-section elementor-top-section elementor-element elementor-element-1760609 elementor-section-height-min-height elementor-section-boxed elementor-section-height-default elementor-section-items-middle ae-bg-gallery-type-default\" data-id=\"1760609\" data-element_type=\"section\" data-settings=\"{&quot;background_background&quot;:&quot;classic&quot;,&quot;jet_parallax_layout_list&quot;:[{&quot;jet_parallax_layout_image&quot;:{&quot;url&quot;:&quot;&quot;,&quot;id&quot;:&quot;&quot;,&quot;size&quot;:&quot;&quot;},&quot;_id&quot;:&quot;21aa2a6&quot;,&quot;jet_parallax_layout_image_tablet&quot;:{&quot;url&quot;:&quot;&quot;,&quot;id&quot;:&quot;&quot;,&quot;size&quot;:&quot;&quot;},&quot;jet_parallax_layout_image_mobile&quot;:{&quot;url&quot;:&quot;&quot;,&quot;id&quot;:&quot;&quot;,&quot;size&quot;:&quot;&quot;},&quot;jet_parallax_layout_speed&quot;:{&quot;unit&quot;:&quot;%&quot;,&quot;size&quot;:50,&quot;sizes&quot;:[]},&quot;jet_parallax_layout_type&quot;:&quot;scroll&quot;,&quot;jet_parallax_layout_direction&quot;:&quot;1&quot;,&quot;jet_parallax_layout_fx_direction&quot;:null,&quot;jet_parallax_layout_z_index&quot;:&quot;&quot;,&quot;jet_parallax_layout_bg_x&quot;:50,&quot;jet_parallax_layout_bg_x_tablet&quot;:&quot;&quot;,&quot;jet_parallax_layout_bg_x_mobile&quot;:&quot;&quot;,&quot;jet_parallax_layout_bg_y&quot;:50,&quot;jet_parallax_layout_bg_y_tablet&quot;:&quot;&quot;,&quot;jet_parallax_layout_bg_y_mobile&quot;:&quot;&quot;,&quot;jet_parallax_layout_bg_size&quot;:&quot;auto&quot;,&quot;jet_parallax_layout_bg_size_tablet&quot;:&quot;&quot;,&quot;jet_parallax_layout_bg_size_mobile&quot;:&quot;&quot;,&quot;jet_parallax_layout_animation_prop&quot;:&quot;transform&quot;,&quot;jet_parallax_layout_on&quot;:[&quot;desktop&quot;,&quot;tablet&quot;]}],&quot;_ob_glider_is_slider&quot;:&quot;no&quot;}\">\n\t\t\t\t\t\t\t<div class=\"elementor-background-overlay\"><\/div>\n\t\t\t\t\t\t\t<div class=\"elementor-container elementor-column-gap-default\">\n\t\t\t\t\t<div class=\"has_ae_slider elementor-column elementor-col-100 elementor-top-column elementor-element elementor-element-2580f94 ae-bg-gallery-type-default\" data-id=\"2580f94\" data-element_type=\"column\" data-settings=\"{&quot;_ob_column_hoveranimator&quot;:&quot;no&quot;,&quot;_ob_column_has_pseudo&quot;:&quot;no&quot;}\">\n\t\t\t<div class=\"elementor-widget-wrap elementor-element-populated\">\n\t\t\t\t\t\t\t<\/div>\n\t\t<\/div>\n\t\t\t\t\t<\/div>\n\t\t<\/section>\n\t\t\t\t<section class=\"has_ae_slider elementor-section elementor-top-section elementor-element elementor-element-caf0dfb elementor-section-boxed elementor-section-height-default elementor-section-height-default ae-bg-gallery-type-default\" data-id=\"caf0dfb\" data-element_type=\"section\" data-settings=\"{&quot;jet_parallax_layout_list&quot;:[{&quot;jet_parallax_layout_image&quot;:{&quot;url&quot;:&quot;&quot;,&quot;id&quot;:&quot;&quot;,&quot;size&quot;:&quot;&quot;},&quot;_id&quot;:&quot;9c18f0c&quot;,&quot;jet_parallax_layout_image_tablet&quot;:{&quot;url&quot;:&quot;&quot;,&quot;id&quot;:&quot;&quot;,&quot;size&quot;:&quot;&quot;},&quot;jet_parallax_layout_image_mobile&quot;:{&quot;url&quot;:&quot;&quot;,&quot;id&quot;:&quot;&quot;,&quot;size&quot;:&quot;&quot;},&quot;jet_parallax_layout_speed&quot;:{&quot;unit&quot;:&quot;%&quot;,&quot;size&quot;:50,&quot;sizes&quot;:[]},&quot;jet_parallax_layout_type&quot;:&quot;scroll&quot;,&quot;jet_parallax_layout_direction&quot;:&quot;1&quot;,&quot;jet_parallax_layout_fx_direction&quot;:null,&quot;jet_parallax_layout_z_index&quot;:&quot;&quot;,&quot;jet_parallax_layout_bg_x&quot;:50,&quot;jet_parallax_layout_bg_x_tablet&quot;:&quot;&quot;,&quot;jet_parallax_layout_bg_x_mobile&quot;:&quot;&quot;,&quot;jet_parallax_layout_bg_y&quot;:50,&quot;jet_parallax_layout_bg_y_tablet&quot;:&quot;&quot;,&quot;jet_parallax_layout_bg_y_mobile&quot;:&quot;&quot;,&quot;jet_parallax_layout_bg_size&quot;:&quot;auto&quot;,&quot;jet_parallax_layout_bg_size_tablet&quot;:&quot;&quot;,&quot;jet_parallax_layout_bg_size_mobile&quot;:&quot;&quot;,&quot;jet_parallax_layout_animation_prop&quot;:&quot;transform&quot;,&quot;jet_parallax_layout_on&quot;:[&quot;desktop&quot;,&quot;tablet&quot;]}],&quot;_ob_glider_is_slider&quot;:&quot;no&quot;}\">\n\t\t\t\t\t\t<div class=\"elementor-container elementor-column-gap-default\">\n\t\t\t\t\t<div class=\"has_ae_slider elementor-column elementor-col-100 elementor-top-column elementor-element elementor-element-feace3c ae-bg-gallery-type-default\" data-id=\"feace3c\" data-element_type=\"column\" data-settings=\"{&quot;background_background&quot;:&quot;classic&quot;,&quot;_ob_column_hoveranimator&quot;:&quot;no&quot;,&quot;_ob_column_has_pseudo&quot;:&quot;no&quot;}\">\n\t\t\t<div class=\"elementor-widget-wrap elementor-element-populated\">\n\t\t\t\t\t\t<div class=\"elementor-element elementor-element-453c930 elementor-blockquote--skin-boxed elementor-blockquote--align-center ob-has-background-overlay elementor-widget elementor-widget-blockquote\" data-id=\"453c930\" data-element_type=\"widget\" data-settings=\"{&quot;_ob_widget_stalker_use&quot;:&quot;no&quot;,&quot;_ob_poopart_use&quot;:&quot;yes&quot;,&quot;_ob_shadough_use&quot;:&quot;no&quot;,&quot;_ob_allow_hoveranimator&quot;:&quot;no&quot;}\" data-widget_type=\"blockquote.default\">\n\t\t\t\t<div class=\"elementor-widget-container\">\n\t\t\t\t\t\t\t<blockquote class=\"elementor-blockquote\">\n\t\t\t<p class=\"elementor-blockquote__content\">\n\t\t\t\tT\u00e4naseks on meil \u00fcle 20,000 paigaldatud s\u00fcsteemi \u00fcle maailma.\t\t\t<\/p>\n\t\t\t\t\t<\/blockquote>\n\t\t\t\t\t\t<\/div>\n\t\t\t\t<\/div>\n\t\t\t\t<div class=\"elementor-element elementor-element-e2d643f elementor-align-center ob-has-background-overlay elementor-widget elementor-widget-button\" data-id=\"e2d643f\" data-element_type=\"widget\" data-settings=\"{&quot;_ob_butterbutton_use_it&quot;:&quot;no&quot;,&quot;_ob_widget_stalker_use&quot;:&quot;no&quot;,&quot;_ob_poopart_use&quot;:&quot;yes&quot;,&quot;_ob_shadough_use&quot;:&quot;no&quot;,&quot;_ob_allow_hoveranimator&quot;:&quot;no&quot;}\" data-widget_type=\"button.default\">\n\t\t\t\t<div class=\"elementor-widget-container\">\n\t\t\t\t\t\t\t\t\t<div class=\"elementor-button-wrapper\">\n\t\t\t\t\t<a class=\"elementor-button elementor-button-link elementor-size-sm\" href=\"https:\/\/www.foxsec.eu\/et\/referentsid\/\">\n\t\t\t\t\t\t<span class=\"elementor-button-content-wrapper\">\n\t\t\t\t\t\t\t\t\t<span class=\"elementor-button-text\">Referentsid<\/span>\n\t\t\t\t\t<\/span>\n\t\t\t\t\t<\/a>\n\t\t\t\t<\/div>\n\t\t\t\t\t\t\t\t<\/div>\n\t\t\t\t<\/div>\n\t\t\t\t\t<\/div>\n\t\t<\/div>\n\t\t\t\t\t<\/div>\n\t\t<\/section>\n\t\t<div class=\"has_ae_slider elementor-element elementor-element-86d9825 e-flex e-con-boxed ae-bg-gallery-type-default e-con e-parent\" data-id=\"86d9825\" data-element_type=\"container\" data-settings=\"{&quot;jet_parallax_layout_list&quot;:[],&quot;_ob_use_container_extras&quot;:&quot;no&quot;,&quot;_ob_column_hoveranimator&quot;:&quot;no&quot;,&quot;_ob_glider_is_slider&quot;:&quot;no&quot;,&quot;_ob_column_has_pseudo&quot;:&quot;no&quot;}\">\n\t\t\t\t\t<div class=\"e-con-inner\">\n\t\t\t\t<div class=\"elementor-element elementor-element-2a0ca1e ob-harakiri-inherit ob-has-background-overlay elementor-widget elementor-widget-text-editor\" data-id=\"2a0ca1e\" data-element_type=\"widget\" data-settings=\"{&quot;_ob_use_harakiri&quot;:&quot;yes&quot;,&quot;_ob_harakiri_writing_mode&quot;:&quot;inherit&quot;,&quot;_ob_postman_use&quot;:&quot;no&quot;,&quot;_ob_widget_stalker_use&quot;:&quot;no&quot;,&quot;_ob_poopart_use&quot;:&quot;yes&quot;,&quot;_ob_shadough_use&quot;:&quot;no&quot;,&quot;_ob_allow_hoveranimator&quot;:&quot;no&quot;}\" data-widget_type=\"text-editor.default\">\n\t\t\t\t<div class=\"elementor-widget-container\">\n\t\t\t\t\t\t\t\t\t<p><b>Hardmeier O\u00dc<\/b> alustas tegevust l\u00e4bip\u00e4\u00e4sus\u00fcsteemide arendaja ja tootjana juba 1994. aastal Tallinnas. Seoses 2006 a. valves\u00fcsteemide lisandumisega tooteportfelli, loodi \u00fchine kaubam\u00e4rk FoxSec. Aastate jooksul oleme pidevalt arendanud ja t\u00e4iendanud oma toodangut ning praeguseks oleme saavutanud l\u00e4bip\u00e4\u00e4sus\u00fcsteemide arendaja ja tootjana arvestatava positsiooni nii eestis kui ka mujal maailmas.\u00a0<span class=\"Y2IQFc\" lang=\"et\">FoxSeci tooteid ostes saate suurep\u00e4rase hinna ja kvaliteedi suhte, suure paindlikkuse integreeritud lahenduste osas ning igak\u00fclgse m\u00fc\u00fcgij\u00e4rgse teeninduse ja tehnilise toe. Meie arendusosakond p\u00f6\u00f6rab suurt t\u00e4helepanu klientide soovidele ning vaatab hoolikalt l\u00e4bi klientide tagasiside. T\u00e4nu sellele on FoxSec alati arengutrendide esirinnas ning igal aastal suudab ettev\u00f5te pakkuda uusi tooteid ja integratsioonilahendusi.\u00a0<\/span><\/p><p><span class=\"Y2IQFc\" lang=\"et\">FoxSeci kaubam\u00e4rgi all on 3 erinevat riistvaraseeriat<\/span><\/p><ul style=\"font-size: 16px; background-color: #ffffff;\"><li style=\"font-size: 16px;\"><span style=\"font-weight: bolder;\">FoxSec PRO seeria riistvara &#8211;<\/span>\u00a0 \u00a0Integreeritud valve- ja l\u00e4bip\u00e4\u00e4sus\u00fcsteem suure uste arvuga<\/li><li style=\"font-size: 16px;\"><span style=\"font-weight: bolder;\">FoxSec LITE seeria riistvara<\/span>\u00a0 Integreeritud valve- ja l\u00e4bip\u00e4\u00e4sus\u00fcsteem v\u00e4hese uste arvuga<\/li><li style=\"font-size: 16px;\"><span style=\"font-weight: bolder;\">FoxSec Locker riistvara &#8211;\u00a0<\/span>\u00a0Riistvara intelligentsetele v\u00e4ikestele hoiuruumidele v\u00f5i kappidele.<\/li><\/ul><div>Nendele riistvaradele pakume 4 p\u00f5hilist tarkvara lahendust<\/div><ul style=\"font-size: 16px; background-color: #ffffff;\"><li style=\"font-size: 16px;\"><span style=\"font-weight: bolder;\">FoxSec Web<\/span>\u00a0&#8211; Veebip\u00f5hine tarkvara, mis ei vaja tarkvara paigaldamist arvutisse<\/li><li style=\"font-size: 16px;\"><span style=\"font-weight: bolder;\">FoxSec Lite<\/span>\u00a0&#8211; Integrreeritud valve ja l\u00e4bip\u00e4\u00e4su arvutip\u00f5hine tarkvara LITE seeria riistvarale<\/li><li style=\"font-size: 16px;\"><span style=\"font-weight: bolder;\">FoxSec SmartPass<\/span>\u00a0&#8211; L\u00e4bip\u00e4\u00e4su tarkvara arvutile<\/li><li style=\"font-size: 16px;\"><span style=\"font-weight: bolder;\">FoxSec Net<\/span>\u00a0&#8211; Integreeritud valve ja l\u00e4bip\u00e4\u00e4su arvutip\u00f5hine tarkvara PRO seeria riistvarale<\/li><\/ul><p>Kogu Foxec tarkvara ja riistvara on v\u00e4lja t\u00f6\u00f6tatud Eestis Hardmeier O\u00dc inseneride poolt. Meie spetsialistid aitavad kliendil valida just temale sobivad lahendused ning tagavad toe kogu kasutusaja v\u00e4ltel. Oma hea maine FoxSec s\u00fcsteemide kasutajate hulgas oleme p\u00e4lvinud eelk\u00f5ige t\u00e4nu toodete ja teenuste k\u00f5rgele kvaliteedile ning meie spetsialistide professionaalsusele.<\/p>\t\t\t\t\t\t\t\t<\/div>\n\t\t\t\t<\/div>\n\t\t\t\t\t<\/div>\n\t\t\t\t<\/div>\n\t\t<div class=\"has_ae_slider elementor-element elementor-element-00c7112 e-flex e-con-boxed ae-bg-gallery-type-default e-con e-parent\" data-id=\"00c7112\" data-element_type=\"container\" data-settings=\"{&quot;jet_parallax_layout_list&quot;:[],&quot;_ob_use_container_extras&quot;:&quot;no&quot;,&quot;_ob_column_hoveranimator&quot;:&quot;no&quot;,&quot;_ob_glider_is_slider&quot;:&quot;no&quot;,&quot;_ob_column_has_pseudo&quot;:&quot;no&quot;}\">\n\t\t\t\t\t<div class=\"e-con-inner\">\n\t\t\t\t<div class=\"elementor-element elementor-element-ccf0aaf ob-harakiri-inherit ob-has-background-overlay elementor-widget elementor-widget-heading\" data-id=\"ccf0aaf\" data-element_type=\"widget\" data-settings=\"{&quot;_ob_use_harakiri&quot;:&quot;yes&quot;,&quot;_ob_harakiri_writing_mode&quot;:&quot;inherit&quot;,&quot;_ob_harakiri_text_clip&quot;:&quot;none&quot;,&quot;_ob_widget_stalker_use&quot;:&quot;no&quot;,&quot;_ob_poopart_use&quot;:&quot;yes&quot;,&quot;_ob_shadough_use&quot;:&quot;no&quot;,&quot;_ob_allow_hoveranimator&quot;:&quot;no&quot;}\" data-widget_type=\"heading.default\">\n\t\t\t\t<div class=\"elementor-widget-container\">\n\t\t\t\t\t<h2 class=\"elementor-heading-title elementor-size-default\"><p>Illimar \u2013 FoxSec-i tehniline s\u00fcda ja v\u00e4simatu lahenduste looja<\/p><\/h2>\t\t\t\t<\/div>\n\t\t\t\t<\/div>\n\t\t\t\t\t<\/div>\n\t\t\t\t<\/div>\n\t\t<div class=\"has_ae_slider elementor-element elementor-element-7fb52e7 e-flex e-con-boxed ae-bg-gallery-type-default e-con e-parent\" data-id=\"7fb52e7\" data-element_type=\"container\" data-settings=\"{&quot;jet_parallax_layout_list&quot;:[],&quot;_ob_use_container_extras&quot;:&quot;no&quot;,&quot;_ob_column_hoveranimator&quot;:&quot;no&quot;,&quot;_ob_glider_is_slider&quot;:&quot;no&quot;,&quot;_ob_column_has_pseudo&quot;:&quot;no&quot;}\">\n\t\t\t\t\t<div class=\"e-con-inner\">\n\t\t<div class=\"has_ae_slider elementor-element elementor-element-2062e00 e-con-full e-flex ae-bg-gallery-type-default e-con e-child\" data-id=\"2062e00\" data-element_type=\"container\" data-settings=\"{&quot;jet_parallax_layout_list&quot;:[],&quot;_ob_use_container_extras&quot;:&quot;no&quot;,&quot;_ob_column_hoveranimator&quot;:&quot;no&quot;,&quot;_ob_glider_is_slider&quot;:&quot;no&quot;,&quot;_ob_column_has_pseudo&quot;:&quot;no&quot;}\">\n\t\t\t\t<div class=\"elementor-element elementor-element-6e1a846 ob-has-background-overlay elementor-widget elementor-widget-image\" data-id=\"6e1a846\" data-element_type=\"widget\" data-settings=\"{&quot;_ob_photomorph_use&quot;:&quot;no&quot;,&quot;_ob_widget_stalker_use&quot;:&quot;no&quot;,&quot;_ob_poopart_use&quot;:&quot;yes&quot;,&quot;_ob_shadough_use&quot;:&quot;no&quot;,&quot;_ob_allow_hoveranimator&quot;:&quot;no&quot;}\" data-widget_type=\"image.default\">\n\t\t\t\t<div class=\"elementor-widget-container\">\n\t\t\t\t\t\t\t\t\t\t\t\t\t\t\t<img fetchpriority=\"high\" decoding=\"async\" width=\"768\" height=\"1024\" src=\"https:\/\/www.foxsec.eu\/wp-content\/uploads\/2025\/07\/IMG_4497-768x1024.jpg\" class=\"attachment-large size-large wp-image-14851\" alt=\"\" srcset=\"https:\/\/www.foxsec.eu\/wp-content\/uploads\/2025\/07\/IMG_4497-768x1024.jpg 768w, https:\/\/www.foxsec.eu\/wp-content\/uploads\/2025\/07\/IMG_4497-225x300.jpg 225w, https:\/\/www.foxsec.eu\/wp-content\/uploads\/2025\/07\/IMG_4497-1152x1536.jpg 1152w, https:\/\/www.foxsec.eu\/wp-content\/uploads\/2025\/07\/IMG_4497-1536x2048.jpg 1536w, https:\/\/www.foxsec.eu\/wp-content\/uploads\/2025\/07\/IMG_4497-scaled.jpg 1920w\" sizes=\"(max-width: 768px) 100vw, 768px\">\t\t\t\t\t\t\t\t\t\t\t\t\t\t\t<\/div>\n\t\t\t\t<\/div>\n\t\t\t\t<\/div>\n\t\t<div class=\"has_ae_slider elementor-element elementor-element-87eb01f e-con-full e-flex ae-bg-gallery-type-default e-con e-child\" data-id=\"87eb01f\" data-element_type=\"container\" data-settings=\"{&quot;jet_parallax_layout_list&quot;:[],&quot;_ob_use_container_extras&quot;:&quot;no&quot;,&quot;_ob_column_hoveranimator&quot;:&quot;no&quot;,&quot;_ob_glider_is_slider&quot;:&quot;no&quot;,&quot;_ob_column_has_pseudo&quot;:&quot;no&quot;}\">\n\t\t\t\t<div class=\"elementor-element elementor-element-04c9481 ob-harakiri-inherit ob-has-background-overlay elementor-widget elementor-widget-text-editor\" data-id=\"04c9481\" data-element_type=\"widget\" data-settings=\"{&quot;_ob_use_harakiri&quot;:&quot;yes&quot;,&quot;_ob_harakiri_writing_mode&quot;:&quot;inherit&quot;,&quot;_ob_postman_use&quot;:&quot;no&quot;,&quot;_ob_widget_stalker_use&quot;:&quot;no&quot;,&quot;_ob_poopart_use&quot;:&quot;yes&quot;,&quot;_ob_shadough_use&quot;:&quot;no&quot;,&quot;_ob_allow_hoveranimator&quot;:&quot;no&quot;}\" data-widget_type=\"text-editor.default\">\n\t\t\t\t<div class=\"elementor-widget-container\">\n\t\t\t\t\t\t\t\t\t<p>Kui FoxSecil oleks s\u00fcda, tuksuks see samas r\u00fctmis Illimari omaga. Tema nimi ei pruugi olla tuttav igale kliendile, kuid FoxSeci igap\u00e4evases toimimises pole peaaegu \u00fchtegi nurka, kus tema panust poleks tunda.<\/p><p>Illimar on rohkem kui insener \u2013 tema ametinimetus ei mahu \u00fchegi tiitli alla. Ta on tehniline tugi, s\u00fcsteemide looja, tarkvara ja riistvara \u00fchendaja, koolitaja, n\u00f5ustaja ja toetaja. Tema t\u00f6\u00f6 ei alga kell \u00fcheksa ega l\u00f5pe kell viis \u2013 ta on seal, kus teda vajatakse, sageli ka n\u00e4dalavahetustel. Iga p\u00e4ev tuleb k\u00fcmneid k\u00f5nesid, kirju, k\u00fcsimusi ja olukordi, mis vajavad lahendamist. Ja Illimar leiab vastused.<\/p><p>\u201eMulle meeldib, et saan teha oma asja,\u201c \u00fctleb Illimar. \u201eIsegi kui k\u00f5ik pole t\u00e4pselt nii, nagu tahaks, annab see mulle vabaduse ja v\u00f5imaluse midagi p\u00e4riselt \u00e4ra teha.\u201c<\/p><p>FoxSeci juured ulatuvad Illimari varasemasse kogemusse, kui \u00fchest isiklikust arendusprojektist kasvas v\u00e4lja midagi palju enamat. Algusaeg oli keeruline: kliente oli v\u00e4he, ressursid olid napid ja \u00f6\u00f6d sageli unetud. Aga midagi tehti \u00f5igesti \u2013 ja seda kannab FoxSeci tehniline platvorm t\u00e4naseni. Tuli \u00f5ppida tegema palju v\u00e4hesega \u2013 just sealt tuli tugevus, mis hoiab FoxSeci konkurentsis maailma tippudega.\u00a0<\/p><p><span style=\"font-size: 1rem;\">Illimaril on elektroonikaalane haridus ja tohutu praktiline kogemus. Tema jaoks on oluline, et t\u00f6\u00f6 oleks aus, l\u00e4bim\u00f5eldud ja tehtud s\u00fcdamega. Tema standard ei ole kunagi lihtsalt \u201epiisavalt hea\u201c \u2013 ta soovib luua lahendusi, mis kestavad, toimivad ka pingelistes olukordades ning mida v\u00f5ib uhkusega esitleda. Ta ei otsi t\u00e4helepanu, kuid teda usaldatakse \u2013 sest tema peale saab kindel olla.<\/span><\/p>\t\t\t\t\t\t\t\t<\/div>\n\t\t\t\t<\/div>\n\t\t\t\t<\/div>\n\t\t\t\t\t<\/div>\n\t\t\t\t<\/div>\n\t\t<div class=\"has_ae_slider elementor-element elementor-element-2502763 e-flex e-con-boxed ae-bg-gallery-type-default e-con e-parent\" data-id=\"2502763\" data-element_type=\"container\" data-settings=\"{&quot;jet_parallax_layout_list&quot;:[],&quot;_ob_use_container_extras&quot;:&quot;no&quot;,&quot;_ob_column_hoveranimator&quot;:&quot;no&quot;,&quot;_ob_glider_is_slider&quot;:&quot;no&quot;,&quot;_ob_column_has_pseudo&quot;:&quot;no&quot;}\">\n\t\t\t\t\t<div class=\"e-con-inner\">\n\t\t\t\t<div class=\"elementor-element elementor-element-7ebea66 ob-harakiri-inherit ob-has-background-overlay elementor-widget elementor-widget-text-editor\" data-id=\"7ebea66\" data-element_type=\"widget\" data-settings=\"{&quot;_ob_use_harakiri&quot;:&quot;yes&quot;,&quot;_ob_harakiri_writing_mode&quot;:&quot;inherit&quot;,&quot;_ob_postman_use&quot;:&quot;no&quot;,&quot;_ob_widget_stalker_use&quot;:&quot;no&quot;,&quot;_ob_poopart_use&quot;:&quot;yes&quot;,&quot;_ob_shadough_use&quot;:&quot;no&quot;,&quot;_ob_allow_hoveranimator&quot;:&quot;no&quot;}\" data-widget_type=\"text-editor.default\">\n\t\t\t\t<div class=\"elementor-widget-container\">\n\t\t\t\t\t\t\t\t\t<p class=\"MsoNormal\"><span style=\"font-size: 1rem;\">Kolleegid tunnevad teda kui inimest, kes m\u00f5tleb alati samm ette. Ta m\u00e4rkab detaile ning oskab \u00fchendada suurt pilti praktilise kogemusega. Samas ei ole tehnoloogia tema jaoks eesm\u00e4rk omaette \u2013 see peab tegema elu lihtsamaks, s\u00fcsteemid usaldusv\u00e4\u00e4rsemaks ja koost\u00f6\u00f6 sujuvamaks.<\/span><\/p><p class=\"MsoNormal\">T\u00e4naseks m\u00f5tleb Illimar juba j\u00e4rgmisele sammule: kuidas oma teadmisi edasi anda, et FoxSec kasvaks ka siis, kui tema panus tulevikus v\u00e4iksemaks j\u00e4\u00e4b. See soov ei tule mugavusest, vaid hoolimisest \u2013 soovist j\u00e4tta maailma midagi kestvat.<\/p><p class=\"MsoNormal\">\u201eTahan, et FoxSec saaks j\u00e4tkata sama usaldusv\u00e4\u00e4rselt ka siis, kui mina enam aktiivselt ei osale. Soovin j\u00e4tta midagi, mille \u00fcle saavad uhked olla ka minu j\u00e4reltulijad. Ja teha seda ausalt \u2013 alati alustan endast. Kui miski ei t\u00f6\u00f6ta, m\u00f5tlen esmalt, mida saan mina paremini teha.\u201c<\/p><p class=\"MsoNormal\">Illimari lugu on rohkem, kui \u00fche inimese lugu. See on n\u00e4ide sellest, kuidas inimesed loovad ettev\u00f5tte sisu. Tema p\u00fchendumus, tarkus ja vaikselt tehtud t\u00f6\u00f6 on vundament, millele FoxSec saab kindlalt toetuda.<\/p>\t\t\t\t\t\t\t\t<\/div>\n\t\t\t\t<\/div>\n\t\t\t\t\t<\/div>\n\t\t\t\t<\/div>\n\t\t<div class=\"has_ae_slider elementor-element elementor-element-e8bfcd8 e-flex e-con-boxed ae-bg-gallery-type-default e-con e-parent\" data-id=\"e8bfcd8\" data-element_type=\"container\" data-settings=\"{&quot;jet_parallax_layout_list&quot;:[],&quot;_ob_use_container_extras&quot;:&quot;no&quot;,&quot;_ob_column_hoveranimator&quot;:&quot;no&quot;,&quot;_ob_glider_is_slider&quot;:&quot;no&quot;,&quot;_ob_column_has_pseudo&quot;:&quot;no&quot;}\">\n\t\t\t\t\t<div class=\"e-con-inner\">\n\t\t\t\t\t<\/div>\n\t\t\t\t<\/div>\n\t\t<div class=\"has_ae_slider elementor-element elementor-element-f55a3d8 e-flex e-con-boxed ae-bg-gallery-type-default e-con e-parent\" data-id=\"f55a3d8\" data-element_type=\"container\" data-settings=\"{&quot;jet_parallax_layout_list&quot;:[],&quot;_ob_use_container_extras&quot;:&quot;no&quot;,&quot;_ob_column_hoveranimator&quot;:&quot;no&quot;,&quot;_ob_glider_is_slider&quot;:&quot;no&quot;,&quot;_ob_column_has_pseudo&quot;:&quot;no&quot;}\">\n\t\t\t\t\t<div class=\"e-con-inner\">\n\t\t\t\t\t<\/div>\n\t\t\t\t<\/div>\n\t\t\t\t<\/div>\n\t\t","protected":false},"excerpt":{"rendered":"<p>T\u00e4naseks on meil \u00fcle 20,000 paigaldatud s\u00fcsteemi \u00fcle maailma. Referentsid Hardmeier O\u00dc alustas tegevust l\u00e4bip\u00e4\u00e4sus\u00fcsteemide arendaja ja tootjana juba 1994. aastal Tallinnas. Seoses 2006 a. valves\u00fcsteemide lisandumisega tooteportfelli, loodi \u00fchine kaubam\u00e4rk FoxSec. Aastate jooksul oleme pidevalt arendanud ja t\u00e4iendanud oma toodangut ning praeguseks oleme saavutanud l\u00e4bip\u00e4\u00e4sus\u00fcsteemide arendaja ja tootjana arvestatava positsiooni nii eestis kui ka [&hellip;]<\/p>\n","protected":false},"author":1,"featured_media":0,"parent":0,"menu_order":0,"comment_status":"closed","ping_status":"closed","template":"elementor_header_footer","meta":{"footnotes":""},"class_list":["post-2136","page","type-page","status-publish","hentry"],"_links":{"self":[{"href":"https:\/\/www.foxsec.eu\/et\/wp-json\/wp\/v2\/pages\/2136","targetHints":{"allow":["GET"]}}],"collection":[{"href":"https:\/\/www.foxsec.eu\/et\/wp-json\/wp\/v2\/pages"}],"about":[{"href":"https:\/\/www.foxsec.eu\/et\/wp-json\/wp\/v2\/types\/page"}],"author":[{"embeddable":true,"href":"https:\/\/www.foxsec.eu\/et\/wp-json\/wp\/v2\/users\/1"}],"replies":[{"embeddable":true,"href":"https:\/\/www.foxsec.eu\/et\/wp-json\/wp\/v2\/comments?post=2136"}],"version-history":[{"count":17,"href":"https:\/\/www.foxsec.eu\/et\/wp-json\/wp\/v2\/pages\/2136\/revisions"}],"predecessor-version":[{"id":14917,"href":"https:\/\/www.foxsec.eu\/et\/wp-json\/wp\/v2\/pages\/2136\/revisions\/14917"}],"wp:attachment":[{"href":"https:\/\/www.foxsec.eu\/et\/wp-json\/wp\/v2\/media?parent=2136"}],"curies":[{"name":"wp","href":"https:\/\/api.w.org\/{rel}","templated":true}]}}