{"id":14891,"date":"2025-07-03T09:33:01","date_gmt":"2025-07-03T06:33:01","guid":{"rendered":"https:\/\/www.foxsec.eu\/?page_id=14891"},"modified":"2026-02-09T16:22:57","modified_gmt":"2026-02-09T14:22:57","slug":"meeskond","status":"publish","type":"page","link":"https:\/\/www.foxsec.eu\/et\/meist\/meeskond\/","title":{"rendered":"Meeskond"},"content":{"rendered":"\t\t<div data-elementor-type=\"wp-page\" data-elementor-id=\"14891\" class=\"elementor elementor-14891\" data-elementor-post-type=\"page\">\n\t\t\t\t<div class=\"has_ae_slider elementor-element elementor-element-1db54c8 e-flex e-con-boxed ae-bg-gallery-type-default e-con e-parent\" data-id=\"1db54c8\" data-element_type=\"container\" data-settings=\"{&quot;jet_parallax_layout_list&quot;:[],&quot;_ob_use_container_extras&quot;:&quot;no&quot;,&quot;_ob_column_hoveranimator&quot;:&quot;no&quot;,&quot;_ob_glider_is_slider&quot;:&quot;no&quot;,&quot;_ob_column_has_pseudo&quot;:&quot;no&quot;}\">\n\t\t\t\t\t<div class=\"e-con-inner\">\n\t\t\t\t<div class=\"elementor-element elementor-element-cde8007 ob-harakiri-inherit ob-has-background-overlay elementor-widget elementor-widget-heading\" data-id=\"cde8007\" data-element_type=\"widget\" data-settings=\"{&quot;_ob_use_harakiri&quot;:&quot;yes&quot;,&quot;_ob_harakiri_writing_mode&quot;:&quot;inherit&quot;,&quot;_ob_harakiri_text_clip&quot;:&quot;none&quot;,&quot;_ob_widget_stalker_use&quot;:&quot;no&quot;,&quot;_ob_poopart_use&quot;:&quot;yes&quot;,&quot;_ob_shadough_use&quot;:&quot;no&quot;,&quot;_ob_allow_hoveranimator&quot;:&quot;no&quot;}\" data-widget_type=\"heading.default\">\n\t\t\t\t<div class=\"elementor-widget-container\">\n\t\t\t\t\t<h2 class=\"elementor-heading-title elementor-size-default\"><h2 data-elementor-setting-key=\"title\" data-pen-placeholder=\"Type Here...\" style=\"font-family: Montserrat, sans-serif;font-weight: 600;font-size: 32px\"><p><span style=\"font-size: 27px\">Siim \u2013 FoxSec-i kindlak\u00e4eline kasvuvedur ja ausate lahenduste leidja<\/span><span><\/span><\/p><\/h2><\/h2>\t\t\t\t<\/div>\n\t\t\t\t<\/div>\n\t\t\t\t\t<\/div>\n\t\t\t\t<\/div>\n\t\t<div class=\"has_ae_slider elementor-element elementor-element-53174fb e-flex e-con-boxed ae-bg-gallery-type-default e-con e-parent\" data-id=\"53174fb\" data-element_type=\"container\" data-settings=\"{&quot;jet_parallax_layout_list&quot;:[],&quot;_ob_use_container_extras&quot;:&quot;no&quot;,&quot;_ob_column_hoveranimator&quot;:&quot;no&quot;,&quot;_ob_glider_is_slider&quot;:&quot;no&quot;,&quot;_ob_column_has_pseudo&quot;:&quot;no&quot;}\">\n\t\t\t\t\t<div class=\"e-con-inner\">\n\t\t<div class=\"has_ae_slider elementor-element elementor-element-3c9e6f7 e-con-full e-flex ae-bg-gallery-type-default e-con e-child\" data-id=\"3c9e6f7\" data-element_type=\"container\" data-settings=\"{&quot;jet_parallax_layout_list&quot;:[],&quot;_ob_use_container_extras&quot;:&quot;no&quot;,&quot;_ob_column_hoveranimator&quot;:&quot;no&quot;,&quot;_ob_glider_is_slider&quot;:&quot;no&quot;,&quot;_ob_column_has_pseudo&quot;:&quot;no&quot;}\">\n\t\t\t\t<div class=\"elementor-element elementor-element-e6eccc9 ob-has-background-overlay elementor-widget elementor-widget-image\" data-id=\"e6eccc9\" data-element_type=\"widget\" data-settings=\"{&quot;_ob_photomorph_use&quot;:&quot;no&quot;,&quot;_ob_widget_stalker_use&quot;:&quot;no&quot;,&quot;_ob_poopart_use&quot;:&quot;yes&quot;,&quot;_ob_shadough_use&quot;:&quot;no&quot;,&quot;_ob_allow_hoveranimator&quot;:&quot;no&quot;}\" data-widget_type=\"image.default\">\n\t\t\t\t<div class=\"elementor-widget-container\">\n\t\t\t\t\t\t\t\t\t\t\t\t\t\t\t<img fetchpriority=\"high\" decoding=\"async\" width=\"800\" height=\"797\" src=\"https:\/\/www.foxsec.eu\/wp-content\/uploads\/2025\/07\/siim-1024x1020.jpg\" class=\"attachment-large size-large wp-image-14921\" alt=\"\" srcset=\"https:\/\/www.foxsec.eu\/wp-content\/uploads\/2025\/07\/siim-1024x1020.jpg 1024w, https:\/\/www.foxsec.eu\/wp-content\/uploads\/2025\/07\/siim-300x300.jpg 300w, https:\/\/www.foxsec.eu\/wp-content\/uploads\/2025\/07\/siim-150x150.jpg 150w, https:\/\/www.foxsec.eu\/wp-content\/uploads\/2025\/07\/siim-768x765.jpg 768w, https:\/\/www.foxsec.eu\/wp-content\/uploads\/2025\/07\/siim.jpg 1374w\" sizes=\"(max-width: 800px) 100vw, 800px\">\t\t\t\t\t\t\t\t\t\t\t\t\t\t\t<\/div>\n\t\t\t\t<\/div>\n\t\t\t\t<\/div>\n\t\t<div class=\"has_ae_slider elementor-element elementor-element-ca81b70 e-con-full e-flex ae-bg-gallery-type-default e-con e-child\" data-id=\"ca81b70\" data-element_type=\"container\" data-settings=\"{&quot;jet_parallax_layout_list&quot;:[],&quot;_ob_use_container_extras&quot;:&quot;no&quot;,&quot;_ob_column_hoveranimator&quot;:&quot;no&quot;,&quot;_ob_glider_is_slider&quot;:&quot;no&quot;,&quot;_ob_column_has_pseudo&quot;:&quot;no&quot;}\">\n\t\t\t\t<div class=\"elementor-element elementor-element-85dd45c ob-harakiri-inherit ob-has-background-overlay elementor-widget elementor-widget-text-editor\" data-id=\"85dd45c\" data-element_type=\"widget\" data-settings=\"{&quot;_ob_use_harakiri&quot;:&quot;yes&quot;,&quot;_ob_harakiri_writing_mode&quot;:&quot;inherit&quot;,&quot;_ob_postman_use&quot;:&quot;no&quot;,&quot;_ob_widget_stalker_use&quot;:&quot;no&quot;,&quot;_ob_poopart_use&quot;:&quot;yes&quot;,&quot;_ob_shadough_use&quot;:&quot;no&quot;,&quot;_ob_allow_hoveranimator&quot;:&quot;no&quot;}\" data-widget_type=\"text-editor.default\">\n\t\t\t\t<div class=\"elementor-widget-container\">\n\t\t\t\t\t\t\t\t\t<p><span lang=\"ET\"><span dir=\"auto\" style=\"vertical-align: inherit;\"><span dir=\"auto\" style=\"vertical-align: inherit;\">Kui FoxSecis oleks tiitel \u201erahulik j\u00f5ud\u201d, siis kannaks seda kahtlemata Siim. Ta on meie m\u00fc\u00fcgiinimene \u2013 aga mitte tavaline. Siim ei suru m\u00fc\u00fcki, vaid loob suhteid. Tema igap\u00e4evane t\u00f6\u00f6 t\u00e4hendab palju enamat, kui lihtsalt tulemuste tagaajamist: ta planeerib tehnikute t\u00f6id, hoiab olemasolevaid kliente, otsib uusi ja panustab iga p\u00e4ev sellesse, et FoxSeci s\u00fcsteemid muudaksid klientide elu lihtsamaks ja sujuvamaks.<\/span><\/span><\/span><\/p><p><span lang=\"ET\"><span dir=\"auto\" style=\"vertical-align: inherit;\"><span dir=\"auto\" style=\"vertical-align: inherit;\">Siim oskab kuulata, m\u00f5ista ja v\u00e4lja pakkuda lahendusi, mis t\u00f6\u00f6tavad p\u00e4riselt. Just tema aitab meie klientidel n\u00e4ha, kuidas FoxSeci turva- ja l\u00e4bip\u00e4\u00e4sulahendused v\u00f5ivad integreeruda nende personalis\u00fcsteemidega nii, et kogu infoliikumine muutub kordades t\u00f5husamaks. Lihtsalt \u00f6eldes: ta aitab tehnoloogia muuta v\u00e4\u00e4rtuseks.<\/span><\/span><\/span><\/p><p><span lang=\"ET\"><span dir=\"auto\" style=\"vertical-align: inherit;\"><span dir=\"auto\" style=\"vertical-align: inherit;\">Enne FoxSeci t\u00f6\u00f6tas Siim \u00fcle k\u00fcmne aasta j\u00e4\u00e4tmek\u00e4itluse valdkonnas, alustades mehaanikuna ja l\u00f5petades haldusprobleemide lahendamise pealiku rollis. M\u00fc\u00fcgimaailma sattus ta, nagu ta ise \u00fctleb, \u201ekui pakkumine tuli lauale ja tundus huvitav\u201c \u2013 ja juba esimesest p\u00e4evast on ta selles valdkonnas loomulikult hakkama saanud.<\/span><\/span><\/span><\/p><p><span lang=\"ET\"><span dir=\"auto\" style=\"vertical-align: inherit;\"><span dir=\"auto\" style=\"vertical-align: inherit;\">Tulemustele orienteeritus ja aus suhtlus on Siimu suurimad tugevused. \u201eMa ei ole p\u00e4hem\u00e4\u00e4rija \u2013 pigem r\u00e4\u00e4gin asjadest otse,\u201c \u00fctleb ta. Just see ausus loob klientides usaldust ja tiimis kindlust. Ja kui r\u00e4\u00e4kida tiimist, siis koost\u00f6\u00f6 on tema jaoks oluline: t\u00f6\u00f6stiil on avatud, vabameelne ja toetav, t\u00e4pselt nagu kogu FoxSeci kollektiiv.<\/span><\/span><\/span><\/p>\t\t\t\t\t\t\t\t<\/div>\n\t\t\t\t<\/div>\n\t\t\t\t<\/div>\n\t\t<div class=\"has_ae_slider elementor-element elementor-element-accfc30 e-con-full e-flex ae-bg-gallery-type-default e-con e-child\" data-id=\"accfc30\" data-element_type=\"container\" data-settings=\"{&quot;jet_parallax_layout_list&quot;:[],&quot;_ob_use_container_extras&quot;:&quot;no&quot;,&quot;_ob_column_hoveranimator&quot;:&quot;no&quot;,&quot;_ob_glider_is_slider&quot;:&quot;no&quot;,&quot;_ob_column_has_pseudo&quot;:&quot;no&quot;}\">\n\t\t\t\t<div class=\"elementor-element elementor-element-ab2764d ob-harakiri-inherit ob-has-background-overlay elementor-widget elementor-widget-text-editor\" data-id=\"ab2764d\" data-element_type=\"widget\" data-settings=\"{&quot;_ob_use_harakiri&quot;:&quot;yes&quot;,&quot;_ob_harakiri_writing_mode&quot;:&quot;inherit&quot;,&quot;_ob_postman_use&quot;:&quot;no&quot;,&quot;_ob_widget_stalker_use&quot;:&quot;no&quot;,&quot;_ob_poopart_use&quot;:&quot;yes&quot;,&quot;_ob_shadough_use&quot;:&quot;no&quot;,&quot;_ob_allow_hoveranimator&quot;:&quot;no&quot;}\" data-widget_type=\"text-editor.default\">\n\t\t\t\t<div class=\"elementor-widget-container\">\n\t\t\t\t\t\t\t\t\t<p class=\"MsoNormal\" style=\"margin-bottom: 0cm; line-height: normal;\"><span lang=\"ET\">Siimu silmad l\u00e4hevad s\u00e4rama, kui juttu tuleb suuremate projektide \u201epurki panekust\u201c \u2013 need on hetked, mil tema t\u00f6\u00f6 ja sihikindlus saavad konkreetse tulemuse.<\/span><\/p><p class=\"MsoNormal\" style=\"margin-bottom: 0cm; line-height: normal;\"><span lang=\"ET\">\u00a0<\/span><\/p><p class=\"MsoNormal\" style=\"margin-bottom: 0cm; line-height: normal;\"><span lang=\"ET\">T\u00e4na otsib Siim enda k\u00f5rvale m\u00fc\u00fcgipartnerit \u2013 inimest, kes soovib teha m\u00fc\u00fcki, mis t\u00e4hendab enamat, kui lihtsalt numbreid. T\u00f6\u00f6, kus saad oma nutikust, suhtlemisoskust ja siirust rakendada, teha koost\u00f6\u00f6d laheda tiimiga ning kasvada koos ettev\u00f5ttega, mille eesm\u00e4rk on olla oma valdkonna parim.<\/span><\/p><p class=\"MsoNormal\" style=\"margin-bottom: 0cm; line-height: normal;\"><span lang=\"ET\">\u00a0<\/span><\/p><p class=\"MsoNormal\" style=\"margin-bottom: 0cm; line-height: normal;\"><span lang=\"ET\">Kui oled valmis v\u00e4ljakutseks, tahad teha m\u00fc\u00fcki ausalt ja targalt, siis FoxSec v\u00f5ib olla just sinu koht. Siim on valmis olema mentoriks ja toetama sisseelamist.<\/span><\/p><p class=\"MsoNormal\" style=\"margin-bottom: 0cm; line-height: normal;\"><span lang=\"ET\">\u00a0<\/span><\/p><p class=\"MsoNormal\" style=\"margin-bottom: 0cm; line-height: normal;\"><span lang=\"ET\">Kui tunned, et see v\u00f5iks olla just sinu v\u00f5imalus \u2013 ootame sind! V\u00f5i kui sul on keegi, kellele just see v\u00f5imalus v\u00f5iks sobida, siis ole hea ja jaga seda v\u00f5imalust temaga.<\/span><\/p><p>\u00a0<\/p><p class=\"MsoNormal\" style=\"margin-bottom: 0cm; line-height: normal;\"><i><b>Siim Kajo<\/b>, +372 523 5912, siim.kajo@foxsec.eu<\/i><\/p>\t\t\t\t\t\t\t\t<\/div>\n\t\t\t\t<\/div>\n\t\t\t\t<\/div>\n\t\t\t\t\t<\/div>\n\t\t\t\t<\/div>\n\t\t<div class=\"has_ae_slider elementor-element elementor-element-a3658a4 e-flex e-con-boxed ae-bg-gallery-type-default e-con e-parent\" data-id=\"a3658a4\" data-element_type=\"container\" data-settings=\"{&quot;jet_parallax_layout_list&quot;:[],&quot;_ob_use_container_extras&quot;:&quot;no&quot;,&quot;_ob_column_hoveranimator&quot;:&quot;no&quot;,&quot;_ob_glider_is_slider&quot;:&quot;no&quot;,&quot;_ob_column_has_pseudo&quot;:&quot;no&quot;}\">\n\t\t\t\t\t<div class=\"e-con-inner\">\n\t\t\t\t<div class=\"elementor-element elementor-element-4c63c47 ob-harakiri-inherit ob-has-background-overlay elementor-widget elementor-widget-heading\" data-id=\"4c63c47\" data-element_type=\"widget\" data-settings=\"{&quot;_ob_use_harakiri&quot;:&quot;yes&quot;,&quot;_ob_harakiri_writing_mode&quot;:&quot;inherit&quot;,&quot;_ob_harakiri_text_clip&quot;:&quot;none&quot;,&quot;_ob_widget_stalker_use&quot;:&quot;no&quot;,&quot;_ob_poopart_use&quot;:&quot;yes&quot;,&quot;_ob_shadough_use&quot;:&quot;no&quot;,&quot;_ob_allow_hoveranimator&quot;:&quot;no&quot;}\" data-widget_type=\"heading.default\">\n\t\t\t\t<div class=\"elementor-widget-container\">\n\t\t\t\t\t<h2 class=\"elementor-heading-title elementor-size-default\"><span style=\"font-size: 27px\">Illimar \u2013 FoxSec-i tehniline s\u00fcda ja v\u00e4simatu lahenduste looja<\/span><\/h2>\t\t\t\t<\/div>\n\t\t\t\t<\/div>\n\t\t\t\t\t<\/div>\n\t\t\t\t<\/div>\n\t\t<div class=\"has_ae_slider elementor-element elementor-element-eaa1ee3 e-flex e-con-boxed ae-bg-gallery-type-default e-con e-parent\" data-id=\"eaa1ee3\" data-element_type=\"container\" data-settings=\"{&quot;jet_parallax_layout_list&quot;:[],&quot;_ob_use_container_extras&quot;:&quot;no&quot;,&quot;_ob_column_hoveranimator&quot;:&quot;no&quot;,&quot;_ob_glider_is_slider&quot;:&quot;no&quot;,&quot;_ob_column_has_pseudo&quot;:&quot;no&quot;}\">\n\t\t\t\t\t<div class=\"e-con-inner\">\n\t\t<div class=\"has_ae_slider elementor-element elementor-element-5e3b1b2 e-con-full e-flex ae-bg-gallery-type-default e-con e-child\" data-id=\"5e3b1b2\" data-element_type=\"container\" data-settings=\"{&quot;jet_parallax_layout_list&quot;:[],&quot;_ob_use_container_extras&quot;:&quot;no&quot;,&quot;_ob_column_hoveranimator&quot;:&quot;no&quot;,&quot;_ob_glider_is_slider&quot;:&quot;no&quot;,&quot;_ob_column_has_pseudo&quot;:&quot;no&quot;}\">\n\t\t\t\t<div class=\"elementor-element elementor-element-57d0fe4 ob-has-background-overlay elementor-widget elementor-widget-image\" data-id=\"57d0fe4\" data-element_type=\"widget\" data-settings=\"{&quot;_ob_photomorph_use&quot;:&quot;no&quot;,&quot;_ob_widget_stalker_use&quot;:&quot;no&quot;,&quot;_ob_poopart_use&quot;:&quot;yes&quot;,&quot;_ob_shadough_use&quot;:&quot;no&quot;,&quot;_ob_allow_hoveranimator&quot;:&quot;no&quot;}\" data-widget_type=\"image.default\">\n\t\t\t\t<div class=\"elementor-widget-container\">\n\t\t\t\t\t\t\t\t\t\t\t\t\t\t\t<img decoding=\"async\" width=\"768\" height=\"1024\" src=\"https:\/\/www.foxsec.eu\/wp-content\/uploads\/2025\/07\/IMG_4497-768x1024.jpg\" class=\"attachment-large size-large wp-image-14851\" alt=\"\" srcset=\"https:\/\/www.foxsec.eu\/wp-content\/uploads\/2025\/07\/IMG_4497-768x1024.jpg 768w, https:\/\/www.foxsec.eu\/wp-content\/uploads\/2025\/07\/IMG_4497-225x300.jpg 225w, https:\/\/www.foxsec.eu\/wp-content\/uploads\/2025\/07\/IMG_4497-1152x1536.jpg 1152w, https:\/\/www.foxsec.eu\/wp-content\/uploads\/2025\/07\/IMG_4497-1536x2048.jpg 1536w, https:\/\/www.foxsec.eu\/wp-content\/uploads\/2025\/07\/IMG_4497-scaled.jpg 1920w\" sizes=\"(max-width: 768px) 100vw, 768px\">\t\t\t\t\t\t\t\t\t\t\t\t\t\t\t<\/div>\n\t\t\t\t<\/div>\n\t\t\t\t<\/div>\n\t\t<div class=\"has_ae_slider elementor-element elementor-element-2137d12 e-con-full e-flex ae-bg-gallery-type-default e-con e-child\" data-id=\"2137d12\" data-element_type=\"container\" data-settings=\"{&quot;jet_parallax_layout_list&quot;:[],&quot;_ob_use_container_extras&quot;:&quot;no&quot;,&quot;_ob_column_hoveranimator&quot;:&quot;no&quot;,&quot;_ob_glider_is_slider&quot;:&quot;no&quot;,&quot;_ob_column_has_pseudo&quot;:&quot;no&quot;}\">\n\t\t\t\t<div class=\"elementor-element elementor-element-0540c7a ob-harakiri-inherit ob-has-background-overlay elementor-widget elementor-widget-text-editor\" data-id=\"0540c7a\" data-element_type=\"widget\" data-settings=\"{&quot;_ob_use_harakiri&quot;:&quot;yes&quot;,&quot;_ob_harakiri_writing_mode&quot;:&quot;inherit&quot;,&quot;_ob_postman_use&quot;:&quot;no&quot;,&quot;_ob_widget_stalker_use&quot;:&quot;no&quot;,&quot;_ob_poopart_use&quot;:&quot;yes&quot;,&quot;_ob_shadough_use&quot;:&quot;no&quot;,&quot;_ob_allow_hoveranimator&quot;:&quot;no&quot;}\" data-widget_type=\"text-editor.default\">\n\t\t\t\t<div class=\"elementor-widget-container\">\n\t\t\t\t\t\t\t\t\t<p>Kui FoxSecil oleks s\u00fcda, tuksuks see samas r\u00fctmis Illimari omaga. Tema nimi ei pruugi olla tuttav igale kliendile, kuid FoxSeci igap\u00e4evases toimimises pole peaaegu \u00fchtegi nurka, kus tema panust poleks tunda.<\/p><p>Illimar on rohkem kui insener \u2013 tema ametinimetus ei mahu \u00fchegi tiitli alla. Ta on tehniline tugi, s\u00fcsteemide looja, tarkvara ja riistvara \u00fchendaja, koolitaja, n\u00f5ustaja ja toetaja. Tema t\u00f6\u00f6 ei alga kell \u00fcheksa ega l\u00f5pe kell viis \u2013 ta on seal, kus teda vajatakse, sageli ka n\u00e4dalavahetustel. Iga p\u00e4ev tuleb k\u00fcmneid k\u00f5nesid, kirju, k\u00fcsimusi ja olukordi, mis vajavad lahendamist. Ja Illimar leiab vastused.<\/p><p>\u201eMulle meeldib, et saan teha oma asja,\u201c \u00fctleb Illimar. \u201eIsegi kui k\u00f5ik pole t\u00e4pselt nii, nagu tahaks, annab see mulle vabaduse ja v\u00f5imaluse midagi p\u00e4riselt \u00e4ra teha.\u201c<\/p><p>FoxSeci juured ulatuvad Illimari varasemasse kogemusse, kui \u00fchest isiklikust arendusprojektist kasvas v\u00e4lja midagi palju enamat. Algusaeg oli keeruline: kliente oli v\u00e4he, ressursid olid napid ja \u00f6\u00f6d sageli unetud. Aga midagi tehti \u00f5igesti \u2013 ja seda kannab FoxSeci tehniline platvorm t\u00e4naseni. Tuli \u00f5ppida tegema palju v\u00e4hesega \u2013 just sealt tuli tugevus, mis hoiab FoxSeci konkurentsis maailma tippudega.\u00a0<\/p><p><span style=\"font-size: 1rem;\">Illimaril on elektroonikaalane haridus ja tohutu praktiline kogemus. Tema jaoks on oluline, et t\u00f6\u00f6 oleks aus, l\u00e4bim\u00f5eldud ja tehtud s\u00fcdamega. Tema standard ei ole kunagi lihtsalt \u201epiisavalt hea\u201c \u2013 ta soovib luua lahendusi, mis kestavad, toimivad ka pingelistes olukordades ning mida v\u00f5ib uhkusega esitleda. Ta ei otsi t\u00e4helepanu, kuid teda usaldatakse \u2013 sest tema peale saab kindel olla.<\/span><\/p>\t\t\t\t\t\t\t\t<\/div>\n\t\t\t\t<\/div>\n\t\t\t\t<\/div>\n\t\t\t\t\t<\/div>\n\t\t\t\t<\/div>\n\t\t<div class=\"has_ae_slider elementor-element elementor-element-744d5e9 e-flex e-con-boxed ae-bg-gallery-type-default e-con e-parent\" data-id=\"744d5e9\" data-element_type=\"container\" data-settings=\"{&quot;jet_parallax_layout_list&quot;:[],&quot;_ob_use_container_extras&quot;:&quot;no&quot;,&quot;_ob_column_hoveranimator&quot;:&quot;no&quot;,&quot;_ob_glider_is_slider&quot;:&quot;no&quot;,&quot;_ob_column_has_pseudo&quot;:&quot;no&quot;}\">\n\t\t\t\t\t<div class=\"e-con-inner\">\n\t\t\t\t<div class=\"elementor-element elementor-element-e1e3be0 ob-harakiri-inherit ob-has-background-overlay elementor-widget elementor-widget-text-editor\" data-id=\"e1e3be0\" data-element_type=\"widget\" data-settings=\"{&quot;_ob_use_harakiri&quot;:&quot;yes&quot;,&quot;_ob_harakiri_writing_mode&quot;:&quot;inherit&quot;,&quot;_ob_postman_use&quot;:&quot;no&quot;,&quot;_ob_widget_stalker_use&quot;:&quot;no&quot;,&quot;_ob_poopart_use&quot;:&quot;yes&quot;,&quot;_ob_shadough_use&quot;:&quot;no&quot;,&quot;_ob_allow_hoveranimator&quot;:&quot;no&quot;}\" data-widget_type=\"text-editor.default\">\n\t\t\t\t<div class=\"elementor-widget-container\">\n\t\t\t\t\t\t\t\t\t<p class=\"MsoNormal\"><span style=\"font-size: 1rem;\">Kolleegid tunnevad teda kui inimest, kes m\u00f5tleb alati samm ette. Ta m\u00e4rkab detaile ning oskab \u00fchendada suurt pilti praktilise kogemusega. Samas ei ole tehnoloogia tema jaoks eesm\u00e4rk omaette \u2013 see peab tegema elu lihtsamaks, s\u00fcsteemid usaldusv\u00e4\u00e4rsemaks ja koost\u00f6\u00f6 sujuvamaks.<\/span><\/p><p class=\"MsoNormal\">T\u00e4naseks m\u00f5tleb Illimar juba j\u00e4rgmisele sammule: kuidas oma teadmisi edasi anda, et FoxSec kasvaks ka siis, kui tema panus tulevikus v\u00e4iksemaks j\u00e4\u00e4b. See soov ei tule mugavusest, vaid hoolimisest \u2013 soovist j\u00e4tta maailma midagi kestvat.<\/p><p class=\"MsoNormal\">\u201eTahan, et FoxSec saaks j\u00e4tkata sama usaldusv\u00e4\u00e4rselt ka siis, kui mina enam aktiivselt ei osale. Soovin j\u00e4tta midagi, mille \u00fcle saavad uhked olla ka minu j\u00e4reltulijad. Ja teha seda ausalt \u2013 alati alustan endast. Kui miski ei t\u00f6\u00f6ta, m\u00f5tlen esmalt, mida saan mina paremini teha.\u201c<\/p><p class=\"MsoNormal\">Illimari lugu on rohkem, kui \u00fche inimese lugu. See on n\u00e4ide sellest, kuidas inimesed loovad ettev\u00f5tte sisu. Tema p\u00fchendumus, tarkus ja vaikselt tehtud t\u00f6\u00f6 on vundament, millele FoxSec saab kindlalt toetuda.<\/p>\t\t\t\t\t\t\t\t<\/div>\n\t\t\t\t<\/div>\n\t\t\t\t\t<\/div>\n\t\t\t\t<\/div>\n\t\t<div class=\"has_ae_slider elementor-element elementor-element-48b5a1f e-flex e-con-boxed ae-bg-gallery-type-default e-con e-parent\" data-id=\"48b5a1f\" data-element_type=\"container\" data-settings=\"{&quot;jet_parallax_layout_list&quot;:[],&quot;_ob_use_container_extras&quot;:&quot;no&quot;,&quot;_ob_column_hoveranimator&quot;:&quot;no&quot;,&quot;_ob_glider_is_slider&quot;:&quot;no&quot;,&quot;_ob_column_has_pseudo&quot;:&quot;no&quot;}\">\n\t\t\t\t\t<div class=\"e-con-inner\">\n\t\t\t\t\t<\/div>\n\t\t\t\t<\/div>\n\t\t\t\t<\/div>\n\t\t","protected":false},"excerpt":{"rendered":"<p>Siim \u2013 FoxSec-i kindlak\u00e4eline kasvuvedur ja ausate lahenduste leidja Kui FoxSecis oleks tiitel \u201erahulik j\u00f5ud\u201d, siis kannaks seda kahtlemata Siim. Ta on meie m\u00fc\u00fcgiinimene \u2013 aga mitte tavaline. Siim ei suru m\u00fc\u00fcki, vaid loob suhteid. Tema igap\u00e4evane t\u00f6\u00f6 t\u00e4hendab palju enamat, kui lihtsalt tulemuste tagaajamist: ta planeerib tehnikute t\u00f6id, hoiab olemasolevaid kliente, otsib uusi ja [&hellip;]<\/p>\n","protected":false},"author":386,"featured_media":0,"parent":2136,"menu_order":0,"comment_status":"closed","ping_status":"closed","template":"","meta":{"footnotes":""},"class_list":["post-14891","page","type-page","status-publish","hentry"],"_links":{"self":[{"href":"https:\/\/www.foxsec.eu\/et\/wp-json\/wp\/v2\/pages\/14891","targetHints":{"allow":["GET"]}}],"collection":[{"href":"https:\/\/www.foxsec.eu\/et\/wp-json\/wp\/v2\/pages"}],"about":[{"href":"https:\/\/www.foxsec.eu\/et\/wp-json\/wp\/v2\/types\/page"}],"author":[{"embeddable":true,"href":"https:\/\/www.foxsec.eu\/et\/wp-json\/wp\/v2\/users\/386"}],"replies":[{"embeddable":true,"href":"https:\/\/www.foxsec.eu\/et\/wp-json\/wp\/v2\/comments?post=14891"}],"version-history":[{"count":31,"href":"https:\/\/www.foxsec.eu\/et\/wp-json\/wp\/v2\/pages\/14891\/revisions"}],"predecessor-version":[{"id":15599,"href":"https:\/\/www.foxsec.eu\/et\/wp-json\/wp\/v2\/pages\/14891\/revisions\/15599"}],"up":[{"embeddable":true,"href":"https:\/\/www.foxsec.eu\/et\/wp-json\/wp\/v2\/pages\/2136"}],"wp:attachment":[{"href":"https:\/\/www.foxsec.eu\/et\/wp-json\/wp\/v2\/media?parent=14891"}],"curies":[{"name":"wp","href":"https:\/\/api.w.org\/{rel}","templated":true}]}}